{"id":14,"date":"2017-06-18T21:17:24","date_gmt":"2017-06-18T21:17:24","guid":{"rendered":"http:\/\/lauraceramik.com\/?page_id=14"},"modified":"2024-03-08T12:36:16","modified_gmt":"2024-03-08T11:36:16","slug":"inicio","status":"publish","type":"page","link":"https:\/\/lauraceramik.com\/es\/","title":{"rendered":"Inicio"},"content":{"rendered":"","protected":false},"excerpt":{"rendered":"","protected":false},"author":2,"featured_media":15409,"parent":0,"menu_order":0,"comment_status":"closed","ping_status":"closed","template":"","meta":{"_acf_changed":false,"footnotes":""},"class_list":["post-14","page","type-page","status-publish","has-post-thumbnail","hentry"],"acf":[],"yoast_head":"<!-- This site is optimized with the Yoast SEO plugin v26.8 - https:\/\/yoast.com\/product\/yoast-seo-wordpress\/ -->\n<title>Taller de Cer\u00e1mica Artesanal de Laura Niub\u00f3<\/title>\n<meta name=\"description\" content=\"LauraCeramik es un taller artesanal de cer\u00e1mica de Laura Niub\u00f3 donde todas la piezas est\u00e1n realizadas a mano, son \u00fanicas e irrepetibles.\" \/>\n<meta name=\"robots\" content=\"index, follow, max-snippet:-1, max-image-preview:large, max-video-preview:-1\" \/>\n<link rel=\"canonical\" href=\"https:\/\/lauraceramik.com\/es\/\" \/>\n<meta property=\"og:locale\" content=\"es_ES\" \/>\n<meta property=\"og:type\" content=\"article\" \/>\n<meta property=\"og:title\" content=\"Taller de Cer\u00e1mica Artesanal de Laura Niub\u00f3\" \/>\n<meta property=\"og:description\" content=\"LauraCeramik es un taller artesanal de cer\u00e1mica de Laura Niub\u00f3 donde todas la piezas est\u00e1n realizadas a mano, son \u00fanicas e irrepetibles.\" \/>\n<meta property=\"og:url\" content=\"https:\/\/lauraceramik.com\/es\/\" \/>\n<meta property=\"og:site_name\" content=\"LauraCeramik\" \/>\n<meta property=\"article:modified_time\" content=\"2024-03-08T11:36:16+00:00\" \/>\n<meta property=\"og:image\" content=\"https:\/\/lauraceramik.com\/wp-content\/uploads\/2024\/03\/obra.jpg\" \/>\n\t<meta property=\"og:image:width\" content=\"1384\" \/>\n\t<meta property=\"og:image:height\" content=\"1443\" \/>\n\t<meta property=\"og:image:type\" content=\"image\/jpeg\" \/>\n<meta name=\"twitter:card\" content=\"summary_large_image\" \/>\n<meta name=\"twitter:label1\" content=\"Tiempo de lectura\" \/>\n\t<meta name=\"twitter:data1\" content=\"2 minutos\" \/>\n<script type=\"application\/ld+json\" class=\"yoast-schema-graph\">{\"@context\":\"https:\/\/schema.org\",\"@graph\":[{\"@type\":\"WebPage\",\"@id\":\"https:\/\/lauraceramik.com\/es\/\",\"url\":\"https:\/\/lauraceramik.com\/es\/\",\"name\":\"Taller de Cer\u00e1mica Artesanal de Laura Niub\u00f3\",\"isPartOf\":{\"@id\":\"https:\/\/lauraceramik.com\/es\/#website\"},\"primaryImageOfPage\":{\"@id\":\"https:\/\/lauraceramik.com\/es\/#primaryimage\"},\"image\":{\"@id\":\"https:\/\/lauraceramik.com\/es\/#primaryimage\"},\"thumbnailUrl\":\"https:\/\/lauraceramik.com\/wp-content\/uploads\/2024\/03\/obra.jpg\",\"datePublished\":\"2017-06-18T21:17:24+00:00\",\"dateModified\":\"2024-03-08T11:36:16+00:00\",\"description\":\"LauraCeramik es un taller artesanal de cer\u00e1mica de Laura Niub\u00f3 donde todas la piezas est\u00e1n realizadas a mano, son \u00fanicas e irrepetibles.\",\"breadcrumb\":{\"@id\":\"https:\/\/lauraceramik.com\/es\/#breadcrumb\"},\"inLanguage\":\"es\",\"potentialAction\":[{\"@type\":\"ReadAction\",\"target\":[\"https:\/\/lauraceramik.com\/es\/\"]}]},{\"@type\":\"ImageObject\",\"inLanguage\":\"es\",\"@id\":\"https:\/\/lauraceramik.com\/es\/#primaryimage\",\"url\":\"https:\/\/lauraceramik.com\/wp-content\/uploads\/2024\/03\/obra.jpg\",\"contentUrl\":\"https:\/\/lauraceramik.com\/wp-content\/uploads\/2024\/03\/obra.jpg\",\"width\":1384,\"height\":1443},{\"@type\":\"BreadcrumbList\",\"@id\":\"https:\/\/lauraceramik.com\/es\/#breadcrumb\",\"itemListElement\":[{\"@type\":\"ListItem\",\"position\":1,\"name\":\"Portada\",\"item\":\"https:\/\/lauraceramik.com\/es\/\"},{\"@type\":\"ListItem\",\"position\":2,\"name\":\"Inicio\"}]},{\"@type\":\"WebSite\",\"@id\":\"https:\/\/lauraceramik.com\/es\/#website\",\"url\":\"https:\/\/lauraceramik.com\/es\/\",\"name\":\"LauraCeramik\",\"description\":\"P\u00e0gina web de ceramica art\u00edstica i escultoria de Laura Niub\u00f3. Barcelona\",\"potentialAction\":[{\"@type\":\"SearchAction\",\"target\":{\"@type\":\"EntryPoint\",\"urlTemplate\":\"https:\/\/lauraceramik.com\/es\/?s={search_term_string}\"},\"query-input\":{\"@type\":\"PropertyValueSpecification\",\"valueRequired\":true,\"valueName\":\"search_term_string\"}}],\"inLanguage\":\"es\"}]}<\/script>\n<!-- \/ Yoast SEO plugin. -->","yoast_head_json":{"title":"Taller de Cer\u00e1mica Artesanal de Laura Niub\u00f3","description":"LauraCeramik es un taller artesanal de cer\u00e1mica de Laura Niub\u00f3 donde todas la piezas est\u00e1n realizadas a mano, son \u00fanicas e irrepetibles.","robots":{"index":"index","follow":"follow","max-snippet":"max-snippet:-1","max-image-preview":"max-image-preview:large","max-video-preview":"max-video-preview:-1"},"canonical":"https:\/\/lauraceramik.com\/es\/","og_locale":"es_ES","og_type":"article","og_title":"Taller de Cer\u00e1mica Artesanal de Laura Niub\u00f3","og_description":"LauraCeramik es un taller artesanal de cer\u00e1mica de Laura Niub\u00f3 donde todas la piezas est\u00e1n realizadas a mano, son \u00fanicas e irrepetibles.","og_url":"https:\/\/lauraceramik.com\/es\/","og_site_name":"LauraCeramik","article_modified_time":"2024-03-08T11:36:16+00:00","og_image":[{"width":1384,"height":1443,"url":"https:\/\/lauraceramik.com\/wp-content\/uploads\/2024\/03\/obra.jpg","type":"image\/jpeg"}],"twitter_card":"summary_large_image","twitter_misc":{"Tiempo de lectura":"2 minutos"},"schema":{"@context":"https:\/\/schema.org","@graph":[{"@type":"WebPage","@id":"https:\/\/lauraceramik.com\/es\/","url":"https:\/\/lauraceramik.com\/es\/","name":"Taller de Cer\u00e1mica Artesanal de Laura Niub\u00f3","isPartOf":{"@id":"https:\/\/lauraceramik.com\/es\/#website"},"primaryImageOfPage":{"@id":"https:\/\/lauraceramik.com\/es\/#primaryimage"},"image":{"@id":"https:\/\/lauraceramik.com\/es\/#primaryimage"},"thumbnailUrl":"https:\/\/lauraceramik.com\/wp-content\/uploads\/2024\/03\/obra.jpg","datePublished":"2017-06-18T21:17:24+00:00","dateModified":"2024-03-08T11:36:16+00:00","description":"LauraCeramik es un taller artesanal de cer\u00e1mica de Laura Niub\u00f3 donde todas la piezas est\u00e1n realizadas a mano, son \u00fanicas e irrepetibles.","breadcrumb":{"@id":"https:\/\/lauraceramik.com\/es\/#breadcrumb"},"inLanguage":"es","potentialAction":[{"@type":"ReadAction","target":["https:\/\/lauraceramik.com\/es\/"]}]},{"@type":"ImageObject","inLanguage":"es","@id":"https:\/\/lauraceramik.com\/es\/#primaryimage","url":"https:\/\/lauraceramik.com\/wp-content\/uploads\/2024\/03\/obra.jpg","contentUrl":"https:\/\/lauraceramik.com\/wp-content\/uploads\/2024\/03\/obra.jpg","width":1384,"height":1443},{"@type":"BreadcrumbList","@id":"https:\/\/lauraceramik.com\/es\/#breadcrumb","itemListElement":[{"@type":"ListItem","position":1,"name":"Portada","item":"https:\/\/lauraceramik.com\/es\/"},{"@type":"ListItem","position":2,"name":"Inicio"}]},{"@type":"WebSite","@id":"https:\/\/lauraceramik.com\/es\/#website","url":"https:\/\/lauraceramik.com\/es\/","name":"LauraCeramik","description":"P\u00e0gina web de ceramica art\u00edstica i escultoria de Laura Niub\u00f3. Barcelona","potentialAction":[{"@type":"SearchAction","target":{"@type":"EntryPoint","urlTemplate":"https:\/\/lauraceramik.com\/es\/?s={search_term_string}"},"query-input":{"@type":"PropertyValueSpecification","valueRequired":true,"valueName":"search_term_string"}}],"inLanguage":"es"}]}},"_links":{"self":[{"href":"https:\/\/lauraceramik.com\/es\/wp-json\/wp\/v2\/pages\/14","targetHints":{"allow":["GET"]}}],"collection":[{"href":"https:\/\/lauraceramik.com\/es\/wp-json\/wp\/v2\/pages"}],"about":[{"href":"https:\/\/lauraceramik.com\/es\/wp-json\/wp\/v2\/types\/page"}],"author":[{"embeddable":true,"href":"https:\/\/lauraceramik.com\/es\/wp-json\/wp\/v2\/users\/2"}],"replies":[{"embeddable":true,"href":"https:\/\/lauraceramik.com\/es\/wp-json\/wp\/v2\/comments?post=14"}],"version-history":[{"count":45,"href":"https:\/\/lauraceramik.com\/es\/wp-json\/wp\/v2\/pages\/14\/revisions"}],"predecessor-version":[{"id":15414,"href":"https:\/\/lauraceramik.com\/es\/wp-json\/wp\/v2\/pages\/14\/revisions\/15414"}],"wp:featuredmedia":[{"embeddable":true,"href":"https:\/\/lauraceramik.com\/es\/wp-json\/wp\/v2\/media\/15409"}],"wp:attachment":[{"href":"https:\/\/lauraceramik.com\/es\/wp-json\/wp\/v2\/media?parent=14"}],"curies":[{"name":"wp","href":"https:\/\/api.w.org\/{rel}","templated":true}]}}