{"id":5803,"date":"2017-06-20T18:27:35","date_gmt":"2017-06-20T18:27:35","guid":{"rendered":"http:\/\/lauraceramik.com\/?page_id=5803"},"modified":"2020-07-15T23:37:25","modified_gmt":"2020-07-15T23:37:25","slug":"curriculum","status":"publish","type":"page","link":"https:\/\/lauraceramik.com\/es\/curriculum\/","title":{"rendered":"Curr\u00edculum"},"content":{"rendered":"<p>[vc_row][vc_column width=\u00bb1\/2&#8243;][vc_column_text]<\/p>\n<div itemscope=\"\" itemprop=\"author\" itemtype=\"http:\/\/schema.org\/Person\">\n<h1 itemprop=\"name\">Laura Niub\u00f3<\/h1>\n<h6 itemprop=\"birthPlace\">Badalona (Barcelona)<\/h6>\n<p itemprop=\"description\">En el 1992 tiene el primer contacto con el mundo de la cer\u00e1mica a trav\u00e9s de la Escuela de Cer\u00e1mica de Sta. Coloma de Gramenet, donde asisti\u00f3 hasta el 1998. Partiendo de la base que coge en la Escuela hace una formaci\u00f3n muy autodidacta complementada con cursos impartidos por ceramistas como Ram\u00f3n Fort, Pep Madrenas, Wali Hawes,&#8230;<\/p>\n<p>Al 2016, despu\u00e9s de estar unos a\u00f1os apartada, vuelve a incorporarse al mundo de la cer\u00e1mica, donde contin\u00faa form\u00e1ndose de manera autodidacta complementada con cursos bajo artistas como Alberto Bustos, Ram\u00f3n Fort, Rafaela Pareja&#8230; y creando nuevos proyectos.<\/p>\n<\/div>\n<p>[\/vc_column_text][us_separator size=\u00bbsmall\u00bb][vc_tta_accordion toggle=\u00bb1&#8243;][vc_tta_section tab_id=\u00bb1498593805426-008d951d-7cee\u00bb title=\u00bbExposiciones\u00bb][vc_column_text]<strong>1992-1995<\/strong>: Exposici\u00f3n colectiva, Centre Cultural Can Mariner, Sta. Coloma de Gramenet<br \/>\n<strong>1996-1998<\/strong>: Exposici\u00f3n colectiva, Museo Torre Balldovina, Sta. Coloma de Gramenet<br \/>\n<strong>2000<\/strong>: Exposici\u00f3n colectiva \u201c :4 \u201d Centro de exposiciones Can Sister\u00e9 Sta. Coloma de Gramenet<br \/>\n<strong>2001<\/strong>: Exposici\u00f3n colectiva \u201c6&#215;2 Formes de fang\u201d Museo Torre Balldovina, Sta. Coloma de Gramenet<br \/>\n<strong>2017<\/strong>: Exposici\u00f3n individual \u201cEn memoria&#8230;\u201d Capilla de Sant Corneli, Cardedeu<br \/>\n<strong>2017<\/strong>: Exposici\u00f3n individual \u201cA flor de pell.\u201d Museo Torre Balldovina, Sta. Coloma de Gramenet<br \/>\n<strong>2018<\/strong>:<span class=\"Apple-tab-span\"> <\/span> Exposici\u00f3n colectiva \u201cCos de terra\u201d. Asociaci\u00f3 de Ceramistes de Catalunya (ACC), Barcelona<br \/>\n<strong>2018<\/strong>: Exposici\u00f3n Individual \u201cCamins\u201d Centre C\u00edvic Nord, Granollers[\/vc_column_text][\/vc_tta_section][vc_tta_section tab_id=\u00bb1498593805487-4fa309d0-4a6a\u00bb title=\u00bbConcursos\u00bb][vc_column_text]<strong>1995<\/strong>: XV Concurso de Cer\u00e1mica 4t Ciutat de Badalona, pieza seleccionada<br \/>\n<strong>1996<\/strong>: IX Bienal de cer\u00e1mica de Esplugues, pieza seleccionada<br \/>\n<strong>1998<\/strong>: XVIII Concurso de Cer\u00e1mica de Quart, pieza seleccionada<br \/>\n<strong>1998<\/strong>: X Bienal de cer\u00e1mica de Esplugues Angelina Al\u00f3s, premio Pujol i Bausis<br \/>\n<strong>2000<\/strong>: XI Bienal de cer\u00e1mica de Esplugues Angelina Al\u00f3s, exposici\u00f3n de pieza fuera de concurso.<br \/>\n<strong>2017<\/strong>: III Mostra d&#8217;Art Emergent Sabadell AES&#8217;17, pieza seleccionada.<br \/>\n<strong>2018:\u00a0<\/strong>XIX Biennal de Cer\u00e0mica d\u2019Esplugues Angelina Al\u00f3s.<br \/>\n<strong>2018:\u00a0<\/strong>14\u00ba Premio Nacional de Cer\u00e1mica \u201cCiutat de Castell\u00f3\u201d\u00a0(dos obras seleccionadas)[\/vc_column_text][\/vc_tta_section][vc_tta_section tab_id=\u00bb1523898406490-f7a3930b-798f\u00bb title=\u00bbPremios\u00bb][vc_column_text]<strong>1998<\/strong>: X Biennal de cer\u00e0mica d\u2019 Esplugues Angelina Al\u00f3s, premio Pujol i Bausis.[\/vc_column_text][\/vc_tta_section][\/vc_tta_accordion][\/vc_column][vc_column width=\u00bb1\/2&#8243;][us_image image=\u00bb5806&#8243;][\/vc_column][\/vc_row]<\/p>\n","protected":false},"excerpt":{"rendered":"<p>[vc_row][vc_column width=\u00bb1\/2&#8243;][vc_column_text] Laura Niub\u00f3 Badalona (Barcelona) En el 1992 tiene el primer contacto con el mundo de la cer\u00e1mica a trav\u00e9s de la Escuela de Cer\u00e1mica de Sta. Coloma de Gramenet, donde asisti\u00f3 hasta el 1998. Partiendo de la base que coge en la Escuela hace una formaci\u00f3n muy autodidacta complementada con cursos impartidos por [&hellip;]<\/p>\n","protected":false},"author":2,"featured_media":0,"parent":0,"menu_order":0,"comment_status":"closed","ping_status":"closed","template":"","meta":{"_acf_changed":false,"footnotes":""},"class_list":["post-5803","page","type-page","status-publish","hentry"],"acf":[],"yoast_head":"<!-- This site is optimized with the Yoast SEO plugin v26.8 - https:\/\/yoast.com\/product\/yoast-seo-wordpress\/ -->\n<title>Curr\u00edculum de Laura Niub\u00f3 | LauraCeramik<\/title>\n<meta name=\"description\" content=\"Curr\u00edculum art\u00edstico de Laura Niub\u00f3. Un poco de todo: historia, estudios como ceramista, concursos de cer\u00e1mica y exposiciones de cer\u00e1mica, entre otras cosas\" \/>\n<meta name=\"robots\" content=\"index, follow, max-snippet:-1, max-image-preview:large, max-video-preview:-1\" \/>\n<link rel=\"canonical\" href=\"https:\/\/lauraceramik.com\/es\/curriculum\/\" \/>\n<meta property=\"og:locale\" content=\"es_ES\" \/>\n<meta property=\"og:type\" content=\"article\" \/>\n<meta property=\"og:title\" content=\"Curr\u00edculum de Laura Niub\u00f3 | LauraCeramik\" \/>\n<meta property=\"og:description\" content=\"Curr\u00edculum art\u00edstico de Laura Niub\u00f3. Un poco de todo: historia, estudios como ceramista, concursos de cer\u00e1mica y exposiciones de cer\u00e1mica, entre otras cosas\" \/>\n<meta property=\"og:url\" content=\"https:\/\/lauraceramik.com\/es\/curriculum\/\" \/>\n<meta property=\"og:site_name\" content=\"LauraCeramik\" \/>\n<meta property=\"article:modified_time\" content=\"2020-07-15T23:37:25+00:00\" \/>\n<meta name=\"twitter:card\" content=\"summary_large_image\" \/>\n<meta name=\"twitter:label1\" content=\"Tiempo de lectura\" \/>\n\t<meta name=\"twitter:data1\" content=\"2 minutos\" \/>\n<script type=\"application\/ld+json\" class=\"yoast-schema-graph\">{\"@context\":\"https:\/\/schema.org\",\"@graph\":[{\"@type\":\"WebPage\",\"@id\":\"https:\/\/lauraceramik.com\/es\/curriculum\/\",\"url\":\"https:\/\/lauraceramik.com\/es\/curriculum\/\",\"name\":\"Curr\u00edculum de Laura Niub\u00f3 | LauraCeramik\",\"isPartOf\":{\"@id\":\"https:\/\/lauraceramik.com\/es\/#website\"},\"datePublished\":\"2017-06-20T18:27:35+00:00\",\"dateModified\":\"2020-07-15T23:37:25+00:00\",\"description\":\"Curr\u00edculum art\u00edstico de Laura Niub\u00f3. Un poco de todo: historia, estudios como ceramista, concursos de cer\u00e1mica y exposiciones de cer\u00e1mica, entre otras cosas\",\"breadcrumb\":{\"@id\":\"https:\/\/lauraceramik.com\/es\/curriculum\/#breadcrumb\"},\"inLanguage\":\"es\",\"potentialAction\":[{\"@type\":\"ReadAction\",\"target\":[\"https:\/\/lauraceramik.com\/es\/curriculum\/\"]}]},{\"@type\":\"BreadcrumbList\",\"@id\":\"https:\/\/lauraceramik.com\/es\/curriculum\/#breadcrumb\",\"itemListElement\":[{\"@type\":\"ListItem\",\"position\":1,\"name\":\"Portada\",\"item\":\"https:\/\/lauraceramik.com\/es\/\"},{\"@type\":\"ListItem\",\"position\":2,\"name\":\"Curr\u00edculum\"}]},{\"@type\":\"WebSite\",\"@id\":\"https:\/\/lauraceramik.com\/es\/#website\",\"url\":\"https:\/\/lauraceramik.com\/es\/\",\"name\":\"LauraCeramik\",\"description\":\"P\u00e0gina web de ceramica art\u00edstica i escultoria de Laura Niub\u00f3. Barcelona\",\"potentialAction\":[{\"@type\":\"SearchAction\",\"target\":{\"@type\":\"EntryPoint\",\"urlTemplate\":\"https:\/\/lauraceramik.com\/es\/?s={search_term_string}\"},\"query-input\":{\"@type\":\"PropertyValueSpecification\",\"valueRequired\":true,\"valueName\":\"search_term_string\"}}],\"inLanguage\":\"es\"}]}<\/script>\n<!-- \/ Yoast SEO plugin. -->","yoast_head_json":{"title":"Curr\u00edculum de Laura Niub\u00f3 | LauraCeramik","description":"Curr\u00edculum art\u00edstico de Laura Niub\u00f3. Un poco de todo: historia, estudios como ceramista, concursos de cer\u00e1mica y exposiciones de cer\u00e1mica, entre otras cosas","robots":{"index":"index","follow":"follow","max-snippet":"max-snippet:-1","max-image-preview":"max-image-preview:large","max-video-preview":"max-video-preview:-1"},"canonical":"https:\/\/lauraceramik.com\/es\/curriculum\/","og_locale":"es_ES","og_type":"article","og_title":"Curr\u00edculum de Laura Niub\u00f3 | LauraCeramik","og_description":"Curr\u00edculum art\u00edstico de Laura Niub\u00f3. Un poco de todo: historia, estudios como ceramista, concursos de cer\u00e1mica y exposiciones de cer\u00e1mica, entre otras cosas","og_url":"https:\/\/lauraceramik.com\/es\/curriculum\/","og_site_name":"LauraCeramik","article_modified_time":"2020-07-15T23:37:25+00:00","twitter_card":"summary_large_image","twitter_misc":{"Tiempo de lectura":"2 minutos"},"schema":{"@context":"https:\/\/schema.org","@graph":[{"@type":"WebPage","@id":"https:\/\/lauraceramik.com\/es\/curriculum\/","url":"https:\/\/lauraceramik.com\/es\/curriculum\/","name":"Curr\u00edculum de Laura Niub\u00f3 | LauraCeramik","isPartOf":{"@id":"https:\/\/lauraceramik.com\/es\/#website"},"datePublished":"2017-06-20T18:27:35+00:00","dateModified":"2020-07-15T23:37:25+00:00","description":"Curr\u00edculum art\u00edstico de Laura Niub\u00f3. Un poco de todo: historia, estudios como ceramista, concursos de cer\u00e1mica y exposiciones de cer\u00e1mica, entre otras cosas","breadcrumb":{"@id":"https:\/\/lauraceramik.com\/es\/curriculum\/#breadcrumb"},"inLanguage":"es","potentialAction":[{"@type":"ReadAction","target":["https:\/\/lauraceramik.com\/es\/curriculum\/"]}]},{"@type":"BreadcrumbList","@id":"https:\/\/lauraceramik.com\/es\/curriculum\/#breadcrumb","itemListElement":[{"@type":"ListItem","position":1,"name":"Portada","item":"https:\/\/lauraceramik.com\/es\/"},{"@type":"ListItem","position":2,"name":"Curr\u00edculum"}]},{"@type":"WebSite","@id":"https:\/\/lauraceramik.com\/es\/#website","url":"https:\/\/lauraceramik.com\/es\/","name":"LauraCeramik","description":"P\u00e0gina web de ceramica art\u00edstica i escultoria de Laura Niub\u00f3. Barcelona","potentialAction":[{"@type":"SearchAction","target":{"@type":"EntryPoint","urlTemplate":"https:\/\/lauraceramik.com\/es\/?s={search_term_string}"},"query-input":{"@type":"PropertyValueSpecification","valueRequired":true,"valueName":"search_term_string"}}],"inLanguage":"es"}]}},"_links":{"self":[{"href":"https:\/\/lauraceramik.com\/es\/wp-json\/wp\/v2\/pages\/5803","targetHints":{"allow":["GET"]}}],"collection":[{"href":"https:\/\/lauraceramik.com\/es\/wp-json\/wp\/v2\/pages"}],"about":[{"href":"https:\/\/lauraceramik.com\/es\/wp-json\/wp\/v2\/types\/page"}],"author":[{"embeddable":true,"href":"https:\/\/lauraceramik.com\/es\/wp-json\/wp\/v2\/users\/2"}],"replies":[{"embeddable":true,"href":"https:\/\/lauraceramik.com\/es\/wp-json\/wp\/v2\/comments?post=5803"}],"version-history":[{"count":50,"href":"https:\/\/lauraceramik.com\/es\/wp-json\/wp\/v2\/pages\/5803\/revisions"}],"predecessor-version":[{"id":12273,"href":"https:\/\/lauraceramik.com\/es\/wp-json\/wp\/v2\/pages\/5803\/revisions\/12273"}],"wp:attachment":[{"href":"https:\/\/lauraceramik.com\/es\/wp-json\/wp\/v2\/media?parent=5803"}],"curies":[{"name":"wp","href":"https:\/\/api.w.org\/{rel}","templated":true}]}}