{"id":7486,"date":"2020-02-13T13:16:59","date_gmt":"2020-02-13T13:16:59","guid":{"rendered":"http:\/\/lauraceramik.com\/?page_id=7486"},"modified":"2024-03-11T11:42:58","modified_gmt":"2024-03-11T10:42:58","slug":"trabajos-personalizados","status":"publish","type":"page","link":"https:\/\/lauraceramik.com\/es\/trabajos-personalizados\/","title":{"rendered":"Trabajos personalizados"},"content":{"rendered":"<p>\u00bfTe has encontrado alguna vez con una idea brillante, pero no sabes c\u00f3mo llevarla a cabo? \u00bfEst\u00e1s renovando tu hogar y deseas a\u00f1adir ese toque personal que lo haga \u00fanico? \u00bfO quiz\u00e1s sue\u00f1as con una escultura que d\u00e9 vida a tu jard\u00edn o a ese rinc\u00f3n especial de tu casa?<\/p>\n<p>En el taller de <strong>LauraCeramik<\/strong>, nos especializamos en convertir tus ideas en realidad. Desde l\u00e1mparas hasta murales, picas y esculturas, creamos piezas personalizadas y \u00fanicas que reflejan tu estilo y personalidad. Nos tomamos el tiempo para entender tus necesidades y deseos, observamos cuidadosamente el espacio donde se ubicar\u00e1 la obra y nos esforzamos por alcanzar tus objetivos. El resultado: un trabajo excepcional que supera tus expectativas y deja una impresi\u00f3n duradera en tu hogar.<\/p>\n<p><strong>Conf\u00eda en nosotros para convertir tus sue\u00f1os en cer\u00e1mica.<\/strong><\/p>\n","protected":false},"excerpt":{"rendered":"<p>\u00bfTe has encontrado alguna vez con una idea brillante, pero no sabes c\u00f3mo llevarla a cabo? \u00bfEst\u00e1s renovando tu hogar y deseas a\u00f1adir ese toque personal que lo haga \u00fanico? \u00bfO quiz\u00e1s sue\u00f1as con una escultura que d\u00e9 vida a tu jard\u00edn o a ese rinc\u00f3n especial de tu casa? En el taller de LauraCeramik, [&hellip;]<\/p>\n","protected":false},"author":2,"featured_media":15468,"parent":0,"menu_order":0,"comment_status":"closed","ping_status":"closed","template":"page-quisom.php","meta":{"_acf_changed":false,"footnotes":""},"class_list":["post-7486","page","type-page","status-publish","has-post-thumbnail","hentry"],"acf":[],"yoast_head":"<!-- This site is optimized with the Yoast SEO plugin v26.8 - https:\/\/yoast.com\/product\/yoast-seo-wordpress\/ -->\n<title>Encargos de Cer\u00e1mica Art\u00edstica hechos a mano | LauraCeramik<\/title>\n<meta name=\"description\" content=\"Puedes solicitar un encargo de una pieza personalizada de cer\u00e1mica a nuestro taller. Nos adaptamos a tus inquietudes.\" \/>\n<meta name=\"robots\" content=\"index, follow, max-snippet:-1, max-image-preview:large, max-video-preview:-1\" \/>\n<link rel=\"canonical\" href=\"https:\/\/lauraceramik.com\/es\/trabajos-personalizados\/\" \/>\n<meta property=\"og:locale\" content=\"es_ES\" \/>\n<meta property=\"og:type\" content=\"article\" \/>\n<meta property=\"og:title\" content=\"Encargos de Cer\u00e1mica Art\u00edstica hechos a mano | LauraCeramik\" \/>\n<meta property=\"og:description\" content=\"Puedes solicitar un encargo de una pieza personalizada de cer\u00e1mica a nuestro taller. Nos adaptamos a tus inquietudes.\" \/>\n<meta property=\"og:url\" content=\"https:\/\/lauraceramik.com\/es\/trabajos-personalizados\/\" \/>\n<meta property=\"og:site_name\" content=\"LauraCeramik\" \/>\n<meta property=\"article:modified_time\" content=\"2024-03-11T10:42:58+00:00\" \/>\n<meta property=\"og:image\" content=\"https:\/\/lauraceramik.com\/wp-content\/uploads\/2024\/03\/perso-2.jpg\" \/>\n\t<meta property=\"og:image:width\" content=\"1920\" \/>\n\t<meta property=\"og:image:height\" content=\"1080\" \/>\n\t<meta property=\"og:image:type\" content=\"image\/jpeg\" \/>\n<meta name=\"twitter:card\" content=\"summary_large_image\" \/>\n<meta name=\"twitter:label1\" content=\"Tiempo de lectura\" \/>\n\t<meta name=\"twitter:data1\" content=\"1 minuto\" \/>\n<script type=\"application\/ld+json\" class=\"yoast-schema-graph\">{\"@context\":\"https:\/\/schema.org\",\"@graph\":[{\"@type\":\"WebPage\",\"@id\":\"https:\/\/lauraceramik.com\/es\/trabajos-personalizados\/\",\"url\":\"https:\/\/lauraceramik.com\/es\/trabajos-personalizados\/\",\"name\":\"Encargos de Cer\u00e1mica Art\u00edstica hechos a mano | LauraCeramik\",\"isPartOf\":{\"@id\":\"https:\/\/lauraceramik.com\/es\/#website\"},\"primaryImageOfPage\":{\"@id\":\"https:\/\/lauraceramik.com\/es\/trabajos-personalizados\/#primaryimage\"},\"image\":{\"@id\":\"https:\/\/lauraceramik.com\/es\/trabajos-personalizados\/#primaryimage\"},\"thumbnailUrl\":\"https:\/\/lauraceramik.com\/wp-content\/uploads\/2024\/03\/perso-2.jpg\",\"datePublished\":\"2020-02-13T13:16:59+00:00\",\"dateModified\":\"2024-03-11T10:42:58+00:00\",\"description\":\"Puedes solicitar un encargo de una pieza personalizada de cer\u00e1mica a nuestro taller. Nos adaptamos a tus inquietudes.\",\"breadcrumb\":{\"@id\":\"https:\/\/lauraceramik.com\/es\/trabajos-personalizados\/#breadcrumb\"},\"inLanguage\":\"es\",\"potentialAction\":[{\"@type\":\"ReadAction\",\"target\":[\"https:\/\/lauraceramik.com\/es\/trabajos-personalizados\/\"]}]},{\"@type\":\"ImageObject\",\"inLanguage\":\"es\",\"@id\":\"https:\/\/lauraceramik.com\/es\/trabajos-personalizados\/#primaryimage\",\"url\":\"https:\/\/lauraceramik.com\/wp-content\/uploads\/2024\/03\/perso-2.jpg\",\"contentUrl\":\"https:\/\/lauraceramik.com\/wp-content\/uploads\/2024\/03\/perso-2.jpg\",\"width\":1920,\"height\":1080},{\"@type\":\"BreadcrumbList\",\"@id\":\"https:\/\/lauraceramik.com\/es\/trabajos-personalizados\/#breadcrumb\",\"itemListElement\":[{\"@type\":\"ListItem\",\"position\":1,\"name\":\"Portada\",\"item\":\"https:\/\/lauraceramik.com\/es\/\"},{\"@type\":\"ListItem\",\"position\":2,\"name\":\"Trabajos personalizados\"}]},{\"@type\":\"WebSite\",\"@id\":\"https:\/\/lauraceramik.com\/es\/#website\",\"url\":\"https:\/\/lauraceramik.com\/es\/\",\"name\":\"LauraCeramik\",\"description\":\"P\u00e0gina web de ceramica art\u00edstica i escultoria de Laura Niub\u00f3. Barcelona\",\"potentialAction\":[{\"@type\":\"SearchAction\",\"target\":{\"@type\":\"EntryPoint\",\"urlTemplate\":\"https:\/\/lauraceramik.com\/es\/?s={search_term_string}\"},\"query-input\":{\"@type\":\"PropertyValueSpecification\",\"valueRequired\":true,\"valueName\":\"search_term_string\"}}],\"inLanguage\":\"es\"}]}<\/script>\n<!-- \/ Yoast SEO plugin. -->","yoast_head_json":{"title":"Encargos de Cer\u00e1mica Art\u00edstica hechos a mano | LauraCeramik","description":"Puedes solicitar un encargo de una pieza personalizada de cer\u00e1mica a nuestro taller. Nos adaptamos a tus inquietudes.","robots":{"index":"index","follow":"follow","max-snippet":"max-snippet:-1","max-image-preview":"max-image-preview:large","max-video-preview":"max-video-preview:-1"},"canonical":"https:\/\/lauraceramik.com\/es\/trabajos-personalizados\/","og_locale":"es_ES","og_type":"article","og_title":"Encargos de Cer\u00e1mica Art\u00edstica hechos a mano | LauraCeramik","og_description":"Puedes solicitar un encargo de una pieza personalizada de cer\u00e1mica a nuestro taller. Nos adaptamos a tus inquietudes.","og_url":"https:\/\/lauraceramik.com\/es\/trabajos-personalizados\/","og_site_name":"LauraCeramik","article_modified_time":"2024-03-11T10:42:58+00:00","og_image":[{"width":1920,"height":1080,"url":"https:\/\/lauraceramik.com\/wp-content\/uploads\/2024\/03\/perso-2.jpg","type":"image\/jpeg"}],"twitter_card":"summary_large_image","twitter_misc":{"Tiempo de lectura":"1 minuto"},"schema":{"@context":"https:\/\/schema.org","@graph":[{"@type":"WebPage","@id":"https:\/\/lauraceramik.com\/es\/trabajos-personalizados\/","url":"https:\/\/lauraceramik.com\/es\/trabajos-personalizados\/","name":"Encargos de Cer\u00e1mica Art\u00edstica hechos a mano | LauraCeramik","isPartOf":{"@id":"https:\/\/lauraceramik.com\/es\/#website"},"primaryImageOfPage":{"@id":"https:\/\/lauraceramik.com\/es\/trabajos-personalizados\/#primaryimage"},"image":{"@id":"https:\/\/lauraceramik.com\/es\/trabajos-personalizados\/#primaryimage"},"thumbnailUrl":"https:\/\/lauraceramik.com\/wp-content\/uploads\/2024\/03\/perso-2.jpg","datePublished":"2020-02-13T13:16:59+00:00","dateModified":"2024-03-11T10:42:58+00:00","description":"Puedes solicitar un encargo de una pieza personalizada de cer\u00e1mica a nuestro taller. Nos adaptamos a tus inquietudes.","breadcrumb":{"@id":"https:\/\/lauraceramik.com\/es\/trabajos-personalizados\/#breadcrumb"},"inLanguage":"es","potentialAction":[{"@type":"ReadAction","target":["https:\/\/lauraceramik.com\/es\/trabajos-personalizados\/"]}]},{"@type":"ImageObject","inLanguage":"es","@id":"https:\/\/lauraceramik.com\/es\/trabajos-personalizados\/#primaryimage","url":"https:\/\/lauraceramik.com\/wp-content\/uploads\/2024\/03\/perso-2.jpg","contentUrl":"https:\/\/lauraceramik.com\/wp-content\/uploads\/2024\/03\/perso-2.jpg","width":1920,"height":1080},{"@type":"BreadcrumbList","@id":"https:\/\/lauraceramik.com\/es\/trabajos-personalizados\/#breadcrumb","itemListElement":[{"@type":"ListItem","position":1,"name":"Portada","item":"https:\/\/lauraceramik.com\/es\/"},{"@type":"ListItem","position":2,"name":"Trabajos personalizados"}]},{"@type":"WebSite","@id":"https:\/\/lauraceramik.com\/es\/#website","url":"https:\/\/lauraceramik.com\/es\/","name":"LauraCeramik","description":"P\u00e0gina web de ceramica art\u00edstica i escultoria de Laura Niub\u00f3. Barcelona","potentialAction":[{"@type":"SearchAction","target":{"@type":"EntryPoint","urlTemplate":"https:\/\/lauraceramik.com\/es\/?s={search_term_string}"},"query-input":{"@type":"PropertyValueSpecification","valueRequired":true,"valueName":"search_term_string"}}],"inLanguage":"es"}]}},"_links":{"self":[{"href":"https:\/\/lauraceramik.com\/es\/wp-json\/wp\/v2\/pages\/7486","targetHints":{"allow":["GET"]}}],"collection":[{"href":"https:\/\/lauraceramik.com\/es\/wp-json\/wp\/v2\/pages"}],"about":[{"href":"https:\/\/lauraceramik.com\/es\/wp-json\/wp\/v2\/types\/page"}],"author":[{"embeddable":true,"href":"https:\/\/lauraceramik.com\/es\/wp-json\/wp\/v2\/users\/2"}],"replies":[{"embeddable":true,"href":"https:\/\/lauraceramik.com\/es\/wp-json\/wp\/v2\/comments?post=7486"}],"version-history":[{"count":27,"href":"https:\/\/lauraceramik.com\/es\/wp-json\/wp\/v2\/pages\/7486\/revisions"}],"predecessor-version":[{"id":15483,"href":"https:\/\/lauraceramik.com\/es\/wp-json\/wp\/v2\/pages\/7486\/revisions\/15483"}],"wp:featuredmedia":[{"embeddable":true,"href":"https:\/\/lauraceramik.com\/es\/wp-json\/wp\/v2\/media\/15468"}],"wp:attachment":[{"href":"https:\/\/lauraceramik.com\/es\/wp-json\/wp\/v2\/media?parent=7486"}],"curies":[{"name":"wp","href":"https:\/\/api.w.org\/{rel}","templated":true}]}}