{"id":15885,"date":"2024-06-18T22:35:21","date_gmt":"2024-06-18T20:35:21","guid":{"rendered":"https:\/\/lauraceramik.com\/producto\/matricula-curso-24-25\/"},"modified":"2026-04-09T15:26:54","modified_gmt":"2026-04-09T13:26:54","slug":"matricula-curso-24-25","status":"publish","type":"product","link":"https:\/\/lauraceramik.com\/es\/producto\/matricula-curso-24-25\/","title":{"rendered":"Matr\u00edcula curso 25-26 + delantal de obsequio"},"content":{"rendered":"<p style=\"text-align: left;\">Matr\u00edcula del curso anual de cer\u00e1mica(de septiembre a julio) para personas adultas y j\u00f3venes a partir de 8 a\u00f1os. curso impartido en el Taller de La Garriga.  Clases de 2 horas semanales de modelado y \/o torno a nivel personalizado. Esta cuota es la reserva de la plaza en el horario que se escoja<\/p>\n<p>La cuota mensual es de 68\u20ac (incluye barros y esmaltes, las cocciones van a parte)<\/p>\n<p>Martes 18:30-20:30h modelado y turno<\/p>\n<p>Mi\u00e9rcoles 18:30-20:30h modelado y turno<\/p>\n<p>Jueves 9.30-11:30h \/ 17:30-19:30h modelado<\/p>\n","protected":false},"excerpt":{"rendered":"<p>Matr\u00edcula del curso anual de cer\u00e1mica(de septiembre a julio) para personas adultas y j\u00f3venes a partir de 8 a\u00f1os. curso impartido en el Taller de La Garriga. Clases de 2 horas semanales de modelado y \/o torno a nivel personalizado. Esta cuota es la reserva de la plaza en el horario que se escoja La [&hellip;]<\/p>\n","protected":false},"featured_media":15417,"template":"","meta":{"_acf_changed":false},"product_brand":[],"product_cat":[303,446],"product_tag":[],"class_list":{"0":"post-15885","1":"product","2":"type-product","3":"status-publish","4":"has-post-thumbnail","6":"product_cat-cursos-y-servicios","7":"product_cat-destacados","9":"first","10":"instock","11":"sale","12":"taxable","13":"shipping-taxable","14":"purchasable","15":"product-type-variable"},"acf":[],"yoast_head":"<!-- This site is optimized with the Yoast SEO plugin v26.8 - https:\/\/yoast.com\/product\/yoast-seo-wordpress\/ -->\n<title>Matr\u00edcula curso 25-26 + delantal de obsequio - LauraCeramik<\/title>\n<meta name=\"description\" content=\"Matr\u00edcula del curso anual (de septiembre a julio) de cer\u00e1mica. Clases de 2 horas semanales de modelado y \/o torno a nivel personalizado.\" \/>\n<meta name=\"robots\" content=\"index, follow, max-snippet:-1, max-image-preview:large, max-video-preview:-1\" \/>\n<link rel=\"canonical\" href=\"https:\/\/lauraceramik.com\/es\/producto\/matricula-curso-24-25\/\" \/>\n<meta property=\"og:locale\" content=\"es_ES\" \/>\n<meta property=\"og:type\" content=\"article\" \/>\n<meta property=\"og:title\" content=\"Matr\u00edcula curso 25-26 + delantal de obsequio - LauraCeramik\" \/>\n<meta property=\"og:description\" content=\"Matr\u00edcula del curso anual (de septiembre a julio) de cer\u00e1mica. Clases de 2 horas semanales de modelado y \/o torno a nivel personalizado.\" \/>\n<meta property=\"og:url\" content=\"https:\/\/lauraceramik.com\/es\/producto\/matricula-curso-24-25\/\" \/>\n<meta property=\"og:site_name\" content=\"LauraCeramik\" \/>\n<meta property=\"article:modified_time\" content=\"2026-04-09T13:26:54+00:00\" \/>\n<meta property=\"og:image\" content=\"https:\/\/lauraceramik.com\/wp-content\/uploads\/2024\/03\/quisom.jpg\" \/>\n\t<meta property=\"og:image:width\" content=\"1920\" \/>\n\t<meta property=\"og:image:height\" content=\"1080\" \/>\n\t<meta property=\"og:image:type\" content=\"image\/jpeg\" \/>\n<meta name=\"twitter:card\" content=\"summary_large_image\" \/>\n<script type=\"application\/ld+json\" class=\"yoast-schema-graph\">{\"@context\":\"https:\/\/schema.org\",\"@graph\":[{\"@type\":\"WebPage\",\"@id\":\"https:\/\/lauraceramik.com\/es\/producto\/matricula-curso-24-25\/\",\"url\":\"https:\/\/lauraceramik.com\/es\/producto\/matricula-curso-24-25\/\",\"name\":\"Matr\u00edcula curso 25-26 + delantal de obsequio - LauraCeramik\",\"isPartOf\":{\"@id\":\"https:\/\/lauraceramik.com\/es\/#website\"},\"primaryImageOfPage\":{\"@id\":\"https:\/\/lauraceramik.com\/es\/producto\/matricula-curso-24-25\/#primaryimage\"},\"image\":{\"@id\":\"https:\/\/lauraceramik.com\/es\/producto\/matricula-curso-24-25\/#primaryimage\"},\"thumbnailUrl\":\"https:\/\/lauraceramik.com\/wp-content\/uploads\/2024\/03\/quisom.jpg\",\"datePublished\":\"2024-06-18T20:35:21+00:00\",\"dateModified\":\"2026-04-09T13:26:54+00:00\",\"description\":\"Matr\u00edcula del curso anual (de septiembre a julio) de cer\u00e1mica. Clases de 2 horas semanales de modelado y \/o torno a nivel personalizado.\",\"breadcrumb\":{\"@id\":\"https:\/\/lauraceramik.com\/es\/producto\/matricula-curso-24-25\/#breadcrumb\"},\"inLanguage\":\"es\",\"potentialAction\":[{\"@type\":\"ReadAction\",\"target\":[\"https:\/\/lauraceramik.com\/es\/producto\/matricula-curso-24-25\/\"]}]},{\"@type\":\"ImageObject\",\"inLanguage\":\"es\",\"@id\":\"https:\/\/lauraceramik.com\/es\/producto\/matricula-curso-24-25\/#primaryimage\",\"url\":\"https:\/\/lauraceramik.com\/wp-content\/uploads\/2024\/03\/quisom.jpg\",\"contentUrl\":\"https:\/\/lauraceramik.com\/wp-content\/uploads\/2024\/03\/quisom.jpg\",\"width\":1920,\"height\":1080},{\"@type\":\"BreadcrumbList\",\"@id\":\"https:\/\/lauraceramik.com\/es\/producto\/matricula-curso-24-25\/#breadcrumb\",\"itemListElement\":[{\"@type\":\"ListItem\",\"position\":1,\"name\":\"Portada\",\"item\":\"https:\/\/lauraceramik.com\/es\/\"},{\"@type\":\"ListItem\",\"position\":2,\"name\":\"Matr\u00edcula curso 25-26 + delantal de obsequio\"}]},{\"@type\":\"WebSite\",\"@id\":\"https:\/\/lauraceramik.com\/es\/#website\",\"url\":\"https:\/\/lauraceramik.com\/es\/\",\"name\":\"LauraCeramik\",\"description\":\"P\u00e0gina web de ceramica art\u00edstica i escultoria de Laura Niub\u00f3. Barcelona\",\"potentialAction\":[{\"@type\":\"SearchAction\",\"target\":{\"@type\":\"EntryPoint\",\"urlTemplate\":\"https:\/\/lauraceramik.com\/es\/?s={search_term_string}\"},\"query-input\":{\"@type\":\"PropertyValueSpecification\",\"valueRequired\":true,\"valueName\":\"search_term_string\"}}],\"inLanguage\":\"es\"}]}<\/script>\n<!-- \/ Yoast SEO plugin. -->","yoast_head_json":{"title":"Matr\u00edcula curso 25-26 + delantal de obsequio - LauraCeramik","description":"Matr\u00edcula del curso anual (de septiembre a julio) de cer\u00e1mica. Clases de 2 horas semanales de modelado y \/o torno a nivel personalizado.","robots":{"index":"index","follow":"follow","max-snippet":"max-snippet:-1","max-image-preview":"max-image-preview:large","max-video-preview":"max-video-preview:-1"},"canonical":"https:\/\/lauraceramik.com\/es\/producto\/matricula-curso-24-25\/","og_locale":"es_ES","og_type":"article","og_title":"Matr\u00edcula curso 25-26 + delantal de obsequio - LauraCeramik","og_description":"Matr\u00edcula del curso anual (de septiembre a julio) de cer\u00e1mica. Clases de 2 horas semanales de modelado y \/o torno a nivel personalizado.","og_url":"https:\/\/lauraceramik.com\/es\/producto\/matricula-curso-24-25\/","og_site_name":"LauraCeramik","article_modified_time":"2026-04-09T13:26:54+00:00","og_image":[{"width":1920,"height":1080,"url":"https:\/\/lauraceramik.com\/wp-content\/uploads\/2024\/03\/quisom.jpg","type":"image\/jpeg"}],"twitter_card":"summary_large_image","schema":{"@context":"https:\/\/schema.org","@graph":[{"@type":"WebPage","@id":"https:\/\/lauraceramik.com\/es\/producto\/matricula-curso-24-25\/","url":"https:\/\/lauraceramik.com\/es\/producto\/matricula-curso-24-25\/","name":"Matr\u00edcula curso 25-26 + delantal de obsequio - LauraCeramik","isPartOf":{"@id":"https:\/\/lauraceramik.com\/es\/#website"},"primaryImageOfPage":{"@id":"https:\/\/lauraceramik.com\/es\/producto\/matricula-curso-24-25\/#primaryimage"},"image":{"@id":"https:\/\/lauraceramik.com\/es\/producto\/matricula-curso-24-25\/#primaryimage"},"thumbnailUrl":"https:\/\/lauraceramik.com\/wp-content\/uploads\/2024\/03\/quisom.jpg","datePublished":"2024-06-18T20:35:21+00:00","dateModified":"2026-04-09T13:26:54+00:00","description":"Matr\u00edcula del curso anual (de septiembre a julio) de cer\u00e1mica. Clases de 2 horas semanales de modelado y \/o torno a nivel personalizado.","breadcrumb":{"@id":"https:\/\/lauraceramik.com\/es\/producto\/matricula-curso-24-25\/#breadcrumb"},"inLanguage":"es","potentialAction":[{"@type":"ReadAction","target":["https:\/\/lauraceramik.com\/es\/producto\/matricula-curso-24-25\/"]}]},{"@type":"ImageObject","inLanguage":"es","@id":"https:\/\/lauraceramik.com\/es\/producto\/matricula-curso-24-25\/#primaryimage","url":"https:\/\/lauraceramik.com\/wp-content\/uploads\/2024\/03\/quisom.jpg","contentUrl":"https:\/\/lauraceramik.com\/wp-content\/uploads\/2024\/03\/quisom.jpg","width":1920,"height":1080},{"@type":"BreadcrumbList","@id":"https:\/\/lauraceramik.com\/es\/producto\/matricula-curso-24-25\/#breadcrumb","itemListElement":[{"@type":"ListItem","position":1,"name":"Portada","item":"https:\/\/lauraceramik.com\/es\/"},{"@type":"ListItem","position":2,"name":"Matr\u00edcula curso 25-26 + delantal de obsequio"}]},{"@type":"WebSite","@id":"https:\/\/lauraceramik.com\/es\/#website","url":"https:\/\/lauraceramik.com\/es\/","name":"LauraCeramik","description":"P\u00e0gina web de ceramica art\u00edstica i escultoria de Laura Niub\u00f3. Barcelona","potentialAction":[{"@type":"SearchAction","target":{"@type":"EntryPoint","urlTemplate":"https:\/\/lauraceramik.com\/es\/?s={search_term_string}"},"query-input":{"@type":"PropertyValueSpecification","valueRequired":true,"valueName":"search_term_string"}}],"inLanguage":"es"}]}},"_links":{"self":[{"href":"https:\/\/lauraceramik.com\/es\/wp-json\/wp\/v2\/product\/15885","targetHints":{"allow":["GET"]}}],"collection":[{"href":"https:\/\/lauraceramik.com\/es\/wp-json\/wp\/v2\/product"}],"about":[{"href":"https:\/\/lauraceramik.com\/es\/wp-json\/wp\/v2\/types\/product"}],"wp:featuredmedia":[{"embeddable":true,"href":"https:\/\/lauraceramik.com\/es\/wp-json\/wp\/v2\/media\/15417"}],"wp:attachment":[{"href":"https:\/\/lauraceramik.com\/es\/wp-json\/wp\/v2\/media?parent=15885"}],"wp:term":[{"taxonomy":"product_brand","embeddable":true,"href":"https:\/\/lauraceramik.com\/es\/wp-json\/wp\/v2\/product_brand?post=15885"},{"taxonomy":"product_cat","embeddable":true,"href":"https:\/\/lauraceramik.com\/es\/wp-json\/wp\/v2\/product_cat?post=15885"},{"taxonomy":"product_tag","embeddable":true,"href":"https:\/\/lauraceramik.com\/es\/wp-json\/wp\/v2\/product_tag?post=15885"}],"curies":[{"name":"wp","href":"https:\/\/api.w.org\/{rel}","templated":true}]}}