{"id":16187,"date":"2024-11-28T07:54:06","date_gmt":"2024-11-28T06:54:06","guid":{"rendered":"https:\/\/lauraceramik.com\/producto\/pac-clases\/"},"modified":"2025-09-03T21:32:54","modified_gmt":"2025-09-03T19:32:54","slug":"pac-clases","status":"publish","type":"product","link":"https:\/\/lauraceramik.com\/es\/producto\/pac-clases\/","title":{"rendered":"Pac clases"},"content":{"rendered":"<p>Tarjeta de 4 clases. Esta Tarjeta se puede utilizar durante el curso en el que se realiza la compra. Incluye el material y 8\u20ac para el horneado de las piezas realizadas (si se pasa de estos se cobrar\u00e1 a parte). Para poder acceder a la clase se debe hacer reserva previa dentro de los horarios habituales de clase. Las reservas canceladas en menos de 24 horas no se abonan. La Tarjeta no se env\u00eda y se debe recogerse en el taller. Ideal para regalar.<\/p>\n","protected":false},"excerpt":{"rendered":"<p>Tarjeta de 4 clases. Esta Tarjeta se puede utilizar durante el curso en el que se realiza la compra. Incluye el material y 8\u20ac para el horneado de las piezas realizadas (si se pasa de estos se cobrar\u00e1 a parte). Para poder acceder a la clase se debe hacer reserva previa dentro de los horarios [&hellip;]<\/p>\n","protected":false},"featured_media":16186,"template":"","meta":{"_acf_changed":false},"product_brand":[],"product_cat":[303,446],"product_tag":[],"class_list":{"0":"post-16187","1":"product","2":"type-product","3":"status-publish","4":"has-post-thumbnail","6":"product_cat-cursos-y-servicios","7":"product_cat-destacados","9":"first","10":"instock","11":"virtual","12":"taxable","13":"purchasable","14":"product-type-simple"},"acf":[],"yoast_head":"<!-- This site is optimized with the Yoast SEO plugin v26.8 - https:\/\/yoast.com\/product\/yoast-seo-wordpress\/ -->\n<title>Pac clases - LauraCeramik<\/title>\n<meta name=\"robots\" content=\"index, follow, max-snippet:-1, max-image-preview:large, max-video-preview:-1\" \/>\n<link rel=\"canonical\" href=\"https:\/\/lauraceramik.com\/es\/producto\/pac-clases\/\" \/>\n<meta property=\"og:locale\" content=\"es_ES\" \/>\n<meta property=\"og:type\" content=\"article\" \/>\n<meta property=\"og:title\" content=\"Pac clases - LauraCeramik\" \/>\n<meta property=\"og:description\" content=\"Tarjeta de 4 clases. Esta Tarjeta se puede utilizar durante el curso en el que se realiza la compra. Incluye el material y 8\u20ac para el horneado de las piezas realizadas (si se pasa de estos se cobrar\u00e1 a parte). Para poder acceder a la clase se debe hacer reserva previa dentro de los horarios [&hellip;]\" \/>\n<meta property=\"og:url\" content=\"https:\/\/lauraceramik.com\/es\/producto\/pac-clases\/\" \/>\n<meta property=\"og:site_name\" content=\"LauraCeramik\" \/>\n<meta property=\"article:modified_time\" content=\"2025-09-03T19:32:54+00:00\" \/>\n<meta property=\"og:image\" content=\"http:\/\/lauraceramik.com\/wp-content\/uploads\/2024\/11\/web-targeta-hores.jpg\" \/>\n\t<meta property=\"og:image:width\" content=\"595\" \/>\n\t<meta property=\"og:image:height\" content=\"595\" \/>\n\t<meta property=\"og:image:type\" content=\"image\/jpeg\" \/>\n<meta name=\"twitter:card\" content=\"summary_large_image\" \/>\n<meta name=\"twitter:label1\" content=\"Tiempo de lectura\" \/>\n\t<meta name=\"twitter:data1\" content=\"1 minuto\" \/>\n<script type=\"application\/ld+json\" class=\"yoast-schema-graph\">{\"@context\":\"https:\/\/schema.org\",\"@graph\":[{\"@type\":\"WebPage\",\"@id\":\"https:\/\/lauraceramik.com\/es\/producto\/pac-clases\/\",\"url\":\"https:\/\/lauraceramik.com\/es\/producto\/pac-clases\/\",\"name\":\"Pac clases - LauraCeramik\",\"isPartOf\":{\"@id\":\"https:\/\/lauraceramik.com\/es\/#website\"},\"primaryImageOfPage\":{\"@id\":\"https:\/\/lauraceramik.com\/es\/producto\/pac-clases\/#primaryimage\"},\"image\":{\"@id\":\"https:\/\/lauraceramik.com\/es\/producto\/pac-clases\/#primaryimage\"},\"thumbnailUrl\":\"https:\/\/lauraceramik.com\/wp-content\/uploads\/2024\/11\/web-targeta-hores.jpg\",\"datePublished\":\"2024-11-28T06:54:06+00:00\",\"dateModified\":\"2025-09-03T19:32:54+00:00\",\"breadcrumb\":{\"@id\":\"https:\/\/lauraceramik.com\/es\/producto\/pac-clases\/#breadcrumb\"},\"inLanguage\":\"es\",\"potentialAction\":[{\"@type\":\"ReadAction\",\"target\":[\"https:\/\/lauraceramik.com\/es\/producto\/pac-clases\/\"]}]},{\"@type\":\"ImageObject\",\"inLanguage\":\"es\",\"@id\":\"https:\/\/lauraceramik.com\/es\/producto\/pac-clases\/#primaryimage\",\"url\":\"https:\/\/lauraceramik.com\/wp-content\/uploads\/2024\/11\/web-targeta-hores.jpg\",\"contentUrl\":\"https:\/\/lauraceramik.com\/wp-content\/uploads\/2024\/11\/web-targeta-hores.jpg\",\"width\":595,\"height\":595},{\"@type\":\"BreadcrumbList\",\"@id\":\"https:\/\/lauraceramik.com\/es\/producto\/pac-clases\/#breadcrumb\",\"itemListElement\":[{\"@type\":\"ListItem\",\"position\":1,\"name\":\"Portada\",\"item\":\"https:\/\/lauraceramik.com\/es\/\"},{\"@type\":\"ListItem\",\"position\":2,\"name\":\"Pac clases\"}]},{\"@type\":\"WebSite\",\"@id\":\"https:\/\/lauraceramik.com\/es\/#website\",\"url\":\"https:\/\/lauraceramik.com\/es\/\",\"name\":\"LauraCeramik\",\"description\":\"P\u00e0gina web de ceramica art\u00edstica i escultoria de Laura Niub\u00f3. Barcelona\",\"potentialAction\":[{\"@type\":\"SearchAction\",\"target\":{\"@type\":\"EntryPoint\",\"urlTemplate\":\"https:\/\/lauraceramik.com\/es\/?s={search_term_string}\"},\"query-input\":{\"@type\":\"PropertyValueSpecification\",\"valueRequired\":true,\"valueName\":\"search_term_string\"}}],\"inLanguage\":\"es\"}]}<\/script>\n<!-- \/ Yoast SEO plugin. -->","yoast_head_json":{"title":"Pac clases - LauraCeramik","robots":{"index":"index","follow":"follow","max-snippet":"max-snippet:-1","max-image-preview":"max-image-preview:large","max-video-preview":"max-video-preview:-1"},"canonical":"https:\/\/lauraceramik.com\/es\/producto\/pac-clases\/","og_locale":"es_ES","og_type":"article","og_title":"Pac clases - LauraCeramik","og_description":"Tarjeta de 4 clases. Esta Tarjeta se puede utilizar durante el curso en el que se realiza la compra. Incluye el material y 8\u20ac para el horneado de las piezas realizadas (si se pasa de estos se cobrar\u00e1 a parte). Para poder acceder a la clase se debe hacer reserva previa dentro de los horarios [&hellip;]","og_url":"https:\/\/lauraceramik.com\/es\/producto\/pac-clases\/","og_site_name":"LauraCeramik","article_modified_time":"2025-09-03T19:32:54+00:00","og_image":[{"width":595,"height":595,"url":"http:\/\/lauraceramik.com\/wp-content\/uploads\/2024\/11\/web-targeta-hores.jpg","type":"image\/jpeg"}],"twitter_card":"summary_large_image","twitter_misc":{"Tiempo de lectura":"1 minuto"},"schema":{"@context":"https:\/\/schema.org","@graph":[{"@type":"WebPage","@id":"https:\/\/lauraceramik.com\/es\/producto\/pac-clases\/","url":"https:\/\/lauraceramik.com\/es\/producto\/pac-clases\/","name":"Pac clases - LauraCeramik","isPartOf":{"@id":"https:\/\/lauraceramik.com\/es\/#website"},"primaryImageOfPage":{"@id":"https:\/\/lauraceramik.com\/es\/producto\/pac-clases\/#primaryimage"},"image":{"@id":"https:\/\/lauraceramik.com\/es\/producto\/pac-clases\/#primaryimage"},"thumbnailUrl":"https:\/\/lauraceramik.com\/wp-content\/uploads\/2024\/11\/web-targeta-hores.jpg","datePublished":"2024-11-28T06:54:06+00:00","dateModified":"2025-09-03T19:32:54+00:00","breadcrumb":{"@id":"https:\/\/lauraceramik.com\/es\/producto\/pac-clases\/#breadcrumb"},"inLanguage":"es","potentialAction":[{"@type":"ReadAction","target":["https:\/\/lauraceramik.com\/es\/producto\/pac-clases\/"]}]},{"@type":"ImageObject","inLanguage":"es","@id":"https:\/\/lauraceramik.com\/es\/producto\/pac-clases\/#primaryimage","url":"https:\/\/lauraceramik.com\/wp-content\/uploads\/2024\/11\/web-targeta-hores.jpg","contentUrl":"https:\/\/lauraceramik.com\/wp-content\/uploads\/2024\/11\/web-targeta-hores.jpg","width":595,"height":595},{"@type":"BreadcrumbList","@id":"https:\/\/lauraceramik.com\/es\/producto\/pac-clases\/#breadcrumb","itemListElement":[{"@type":"ListItem","position":1,"name":"Portada","item":"https:\/\/lauraceramik.com\/es\/"},{"@type":"ListItem","position":2,"name":"Pac clases"}]},{"@type":"WebSite","@id":"https:\/\/lauraceramik.com\/es\/#website","url":"https:\/\/lauraceramik.com\/es\/","name":"LauraCeramik","description":"P\u00e0gina web de ceramica art\u00edstica i escultoria de Laura Niub\u00f3. Barcelona","potentialAction":[{"@type":"SearchAction","target":{"@type":"EntryPoint","urlTemplate":"https:\/\/lauraceramik.com\/es\/?s={search_term_string}"},"query-input":{"@type":"PropertyValueSpecification","valueRequired":true,"valueName":"search_term_string"}}],"inLanguage":"es"}]}},"_links":{"self":[{"href":"https:\/\/lauraceramik.com\/es\/wp-json\/wp\/v2\/product\/16187","targetHints":{"allow":["GET"]}}],"collection":[{"href":"https:\/\/lauraceramik.com\/es\/wp-json\/wp\/v2\/product"}],"about":[{"href":"https:\/\/lauraceramik.com\/es\/wp-json\/wp\/v2\/types\/product"}],"wp:featuredmedia":[{"embeddable":true,"href":"https:\/\/lauraceramik.com\/es\/wp-json\/wp\/v2\/media\/16186"}],"wp:attachment":[{"href":"https:\/\/lauraceramik.com\/es\/wp-json\/wp\/v2\/media?parent=16187"}],"wp:term":[{"taxonomy":"product_brand","embeddable":true,"href":"https:\/\/lauraceramik.com\/es\/wp-json\/wp\/v2\/product_brand?post=16187"},{"taxonomy":"product_cat","embeddable":true,"href":"https:\/\/lauraceramik.com\/es\/wp-json\/wp\/v2\/product_cat?post=16187"},{"taxonomy":"product_tag","embeddable":true,"href":"https:\/\/lauraceramik.com\/es\/wp-json\/wp\/v2\/product_tag?post=16187"}],"curies":[{"name":"wp","href":"https:\/\/api.w.org\/{rel}","templated":true}]}}