{"id":16191,"date":"2024-11-28T08:19:57","date_gmt":"2024-11-28T07:19:57","guid":{"rendered":"https:\/\/lauraceramik.com\/producto\/talleres-para-grupos\/"},"modified":"2024-11-29T08:49:07","modified_gmt":"2024-11-29T07:49:07","slug":"talleres-para-grupos","status":"publish","type":"product","link":"https:\/\/lauraceramik.com\/es\/producto\/talleres-para-grupos\/","title":{"rendered":"Talleres para grupos"},"content":{"rendered":"<p><strong>\u00a1Descubre el arte de la cer\u00e1mica con nuestros talleres personalizados!<\/strong><br \/>\nIdeal para celebraciones, reuniones con amigos o simplemente pasar un buen rato. Te ense\u00f1aremos t\u00e9cnicas sencillas para crear piezas \u00fanicas en un ambiente relajado y divertido.<\/p>\n<ul>\n<li>Para todos los niveles.<\/li>\n<li>Actividades adaptadas a tus intereses.<\/li>\n<li>Horarios flexibles y opciones para personalizar la experiencia.<\/li>\n<\/ul>\n<p>Ven, divi\u00e9rtete y llevate un recuerdo hecho con tus manos! <strong><a href=\"https:\/\/lauraceramik.com\/contacte\/\" target=\"_blank\" rel=\"noopener\">Cont\u00e1ctanos para m\u00e1s informaci\u00f3n o para reservar.<\/a><\/strong><\/p>\n","protected":false},"excerpt":{"rendered":"<p>\u00a1Descubre el arte de la cer\u00e1mica con nuestros talleres personalizados! Ideal para celebraciones, reuniones con amigos o simplemente pasar un buen rato. Te ense\u00f1aremos t\u00e9cnicas sencillas para crear piezas \u00fanicas en un ambiente relajado y divertido. Para todos los niveles. Actividades adaptadas a tus intereses. Horarios flexibles y opciones para personalizar la experiencia. Ven, divi\u00e9rtete [&hellip;]<\/p>\n","protected":false},"featured_media":16204,"template":"","meta":{"_acf_changed":false},"product_brand":[],"product_cat":[303,446],"product_tag":[],"class_list":{"0":"post-16191","1":"product","2":"type-product","3":"status-publish","4":"has-post-thumbnail","6":"product_cat-cursos-y-servicios","7":"product_cat-destacados","9":"first","10":"instock","11":"taxable","12":"shipping-taxable","13":"product-type-simple"},"acf":[],"yoast_head":"<!-- This site is optimized with the Yoast SEO plugin v26.8 - https:\/\/yoast.com\/product\/yoast-seo-wordpress\/ -->\n<title>Talleres para grupos - LauraCeramik<\/title>\n<meta name=\"description\" content=\"Descubre el arte de la cer\u00e1mica con nuestros talleres personalizados. Ideal para celebraciones, reuniones con amigos o simplemente pasar un buen rato.\" \/>\n<meta name=\"robots\" content=\"index, follow, max-snippet:-1, max-image-preview:large, max-video-preview:-1\" \/>\n<link rel=\"canonical\" href=\"https:\/\/lauraceramik.com\/es\/producto\/talleres-para-grupos\/\" \/>\n<meta property=\"og:locale\" content=\"es_ES\" \/>\n<meta property=\"og:type\" content=\"article\" \/>\n<meta property=\"og:title\" content=\"Talleres para grupos - LauraCeramik\" \/>\n<meta property=\"og:description\" content=\"Descubre el arte de la cer\u00e1mica con nuestros talleres personalizados. Ideal para celebraciones, reuniones con amigos o simplemente pasar un buen rato.\" \/>\n<meta property=\"og:url\" content=\"https:\/\/lauraceramik.com\/es\/producto\/talleres-para-grupos\/\" \/>\n<meta property=\"og:site_name\" content=\"LauraCeramik\" \/>\n<meta property=\"article:modified_time\" content=\"2024-11-29T07:49:07+00:00\" \/>\n<meta property=\"og:image\" content=\"http:\/\/lauraceramik.com\/wp-content\/uploads\/2024\/11\/taller-personalitzat-web.jpg\" \/>\n\t<meta property=\"og:image:width\" content=\"700\" \/>\n\t<meta property=\"og:image:height\" content=\"700\" \/>\n\t<meta property=\"og:image:type\" content=\"image\/jpeg\" \/>\n<meta name=\"twitter:card\" content=\"summary_large_image\" \/>\n<meta name=\"twitter:label1\" content=\"Tiempo de lectura\" \/>\n\t<meta name=\"twitter:data1\" content=\"1 minuto\" \/>\n<script type=\"application\/ld+json\" class=\"yoast-schema-graph\">{\"@context\":\"https:\/\/schema.org\",\"@graph\":[{\"@type\":\"WebPage\",\"@id\":\"https:\/\/lauraceramik.com\/es\/producto\/talleres-para-grupos\/\",\"url\":\"https:\/\/lauraceramik.com\/es\/producto\/talleres-para-grupos\/\",\"name\":\"Talleres para grupos - LauraCeramik\",\"isPartOf\":{\"@id\":\"https:\/\/lauraceramik.com\/es\/#website\"},\"primaryImageOfPage\":{\"@id\":\"https:\/\/lauraceramik.com\/es\/producto\/talleres-para-grupos\/#primaryimage\"},\"image\":{\"@id\":\"https:\/\/lauraceramik.com\/es\/producto\/talleres-para-grupos\/#primaryimage\"},\"thumbnailUrl\":\"https:\/\/lauraceramik.com\/wp-content\/uploads\/2024\/11\/taller-personalitzat-web.jpg\",\"datePublished\":\"2024-11-28T07:19:57+00:00\",\"dateModified\":\"2024-11-29T07:49:07+00:00\",\"description\":\"Descubre el arte de la cer\u00e1mica con nuestros talleres personalizados. Ideal para celebraciones, reuniones con amigos o simplemente pasar un buen rato.\",\"breadcrumb\":{\"@id\":\"https:\/\/lauraceramik.com\/es\/producto\/talleres-para-grupos\/#breadcrumb\"},\"inLanguage\":\"es\",\"potentialAction\":[{\"@type\":\"ReadAction\",\"target\":[\"https:\/\/lauraceramik.com\/es\/producto\/talleres-para-grupos\/\"]}]},{\"@type\":\"ImageObject\",\"inLanguage\":\"es\",\"@id\":\"https:\/\/lauraceramik.com\/es\/producto\/talleres-para-grupos\/#primaryimage\",\"url\":\"https:\/\/lauraceramik.com\/wp-content\/uploads\/2024\/11\/taller-personalitzat-web.jpg\",\"contentUrl\":\"https:\/\/lauraceramik.com\/wp-content\/uploads\/2024\/11\/taller-personalitzat-web.jpg\",\"width\":700,\"height\":700},{\"@type\":\"BreadcrumbList\",\"@id\":\"https:\/\/lauraceramik.com\/es\/producto\/talleres-para-grupos\/#breadcrumb\",\"itemListElement\":[{\"@type\":\"ListItem\",\"position\":1,\"name\":\"Portada\",\"item\":\"https:\/\/lauraceramik.com\/es\/\"},{\"@type\":\"ListItem\",\"position\":2,\"name\":\"Talleres para grupos\"}]},{\"@type\":\"WebSite\",\"@id\":\"https:\/\/lauraceramik.com\/es\/#website\",\"url\":\"https:\/\/lauraceramik.com\/es\/\",\"name\":\"LauraCeramik\",\"description\":\"P\u00e0gina web de ceramica art\u00edstica i escultoria de Laura Niub\u00f3. Barcelona\",\"potentialAction\":[{\"@type\":\"SearchAction\",\"target\":{\"@type\":\"EntryPoint\",\"urlTemplate\":\"https:\/\/lauraceramik.com\/es\/?s={search_term_string}\"},\"query-input\":{\"@type\":\"PropertyValueSpecification\",\"valueRequired\":true,\"valueName\":\"search_term_string\"}}],\"inLanguage\":\"es\"}]}<\/script>\n<!-- \/ Yoast SEO plugin. -->","yoast_head_json":{"title":"Talleres para grupos - LauraCeramik","description":"Descubre el arte de la cer\u00e1mica con nuestros talleres personalizados. Ideal para celebraciones, reuniones con amigos o simplemente pasar un buen rato.","robots":{"index":"index","follow":"follow","max-snippet":"max-snippet:-1","max-image-preview":"max-image-preview:large","max-video-preview":"max-video-preview:-1"},"canonical":"https:\/\/lauraceramik.com\/es\/producto\/talleres-para-grupos\/","og_locale":"es_ES","og_type":"article","og_title":"Talleres para grupos - LauraCeramik","og_description":"Descubre el arte de la cer\u00e1mica con nuestros talleres personalizados. Ideal para celebraciones, reuniones con amigos o simplemente pasar un buen rato.","og_url":"https:\/\/lauraceramik.com\/es\/producto\/talleres-para-grupos\/","og_site_name":"LauraCeramik","article_modified_time":"2024-11-29T07:49:07+00:00","og_image":[{"width":700,"height":700,"url":"http:\/\/lauraceramik.com\/wp-content\/uploads\/2024\/11\/taller-personalitzat-web.jpg","type":"image\/jpeg"}],"twitter_card":"summary_large_image","twitter_misc":{"Tiempo de lectura":"1 minuto"},"schema":{"@context":"https:\/\/schema.org","@graph":[{"@type":"WebPage","@id":"https:\/\/lauraceramik.com\/es\/producto\/talleres-para-grupos\/","url":"https:\/\/lauraceramik.com\/es\/producto\/talleres-para-grupos\/","name":"Talleres para grupos - LauraCeramik","isPartOf":{"@id":"https:\/\/lauraceramik.com\/es\/#website"},"primaryImageOfPage":{"@id":"https:\/\/lauraceramik.com\/es\/producto\/talleres-para-grupos\/#primaryimage"},"image":{"@id":"https:\/\/lauraceramik.com\/es\/producto\/talleres-para-grupos\/#primaryimage"},"thumbnailUrl":"https:\/\/lauraceramik.com\/wp-content\/uploads\/2024\/11\/taller-personalitzat-web.jpg","datePublished":"2024-11-28T07:19:57+00:00","dateModified":"2024-11-29T07:49:07+00:00","description":"Descubre el arte de la cer\u00e1mica con nuestros talleres personalizados. Ideal para celebraciones, reuniones con amigos o simplemente pasar un buen rato.","breadcrumb":{"@id":"https:\/\/lauraceramik.com\/es\/producto\/talleres-para-grupos\/#breadcrumb"},"inLanguage":"es","potentialAction":[{"@type":"ReadAction","target":["https:\/\/lauraceramik.com\/es\/producto\/talleres-para-grupos\/"]}]},{"@type":"ImageObject","inLanguage":"es","@id":"https:\/\/lauraceramik.com\/es\/producto\/talleres-para-grupos\/#primaryimage","url":"https:\/\/lauraceramik.com\/wp-content\/uploads\/2024\/11\/taller-personalitzat-web.jpg","contentUrl":"https:\/\/lauraceramik.com\/wp-content\/uploads\/2024\/11\/taller-personalitzat-web.jpg","width":700,"height":700},{"@type":"BreadcrumbList","@id":"https:\/\/lauraceramik.com\/es\/producto\/talleres-para-grupos\/#breadcrumb","itemListElement":[{"@type":"ListItem","position":1,"name":"Portada","item":"https:\/\/lauraceramik.com\/es\/"},{"@type":"ListItem","position":2,"name":"Talleres para grupos"}]},{"@type":"WebSite","@id":"https:\/\/lauraceramik.com\/es\/#website","url":"https:\/\/lauraceramik.com\/es\/","name":"LauraCeramik","description":"P\u00e0gina web de ceramica art\u00edstica i escultoria de Laura Niub\u00f3. Barcelona","potentialAction":[{"@type":"SearchAction","target":{"@type":"EntryPoint","urlTemplate":"https:\/\/lauraceramik.com\/es\/?s={search_term_string}"},"query-input":{"@type":"PropertyValueSpecification","valueRequired":true,"valueName":"search_term_string"}}],"inLanguage":"es"}]}},"_links":{"self":[{"href":"https:\/\/lauraceramik.com\/es\/wp-json\/wp\/v2\/product\/16191","targetHints":{"allow":["GET"]}}],"collection":[{"href":"https:\/\/lauraceramik.com\/es\/wp-json\/wp\/v2\/product"}],"about":[{"href":"https:\/\/lauraceramik.com\/es\/wp-json\/wp\/v2\/types\/product"}],"wp:featuredmedia":[{"embeddable":true,"href":"https:\/\/lauraceramik.com\/es\/wp-json\/wp\/v2\/media\/16204"}],"wp:attachment":[{"href":"https:\/\/lauraceramik.com\/es\/wp-json\/wp\/v2\/media?parent=16191"}],"wp:term":[{"taxonomy":"product_brand","embeddable":true,"href":"https:\/\/lauraceramik.com\/es\/wp-json\/wp\/v2\/product_brand?post=16191"},{"taxonomy":"product_cat","embeddable":true,"href":"https:\/\/lauraceramik.com\/es\/wp-json\/wp\/v2\/product_cat?post=16191"},{"taxonomy":"product_tag","embeddable":true,"href":"https:\/\/lauraceramik.com\/es\/wp-json\/wp\/v2\/product_tag?post=16191"}],"curies":[{"name":"wp","href":"https:\/\/api.w.org\/{rel}","templated":true}]}}