{"id":16762,"date":"2025-10-06T23:48:20","date_gmt":"2025-10-06T21:48:20","guid":{"rendered":"https:\/\/lauraceramik.com\/?post_type=product&#038;p=16762"},"modified":"2026-04-14T21:58:25","modified_gmt":"2026-04-14T19:58:25","slug":"curso-intensivo-torno","status":"publish","type":"product","link":"https:\/\/lauraceramik.com\/es\/producto\/curso-intensivo-torno\/","title":{"rendered":"Curso Intensivo Torno"},"content":{"rendered":"<p data-pm-slice=\"1 1 []\">\u00bfTe imaginas desayunar cada d\u00eda con un bol hecho por ti?, \u00bfo regalar una experiencia a alguna persona estimada?<\/p>\n<p><strong>Curso intensivo de cer\u00e1mica: crea tu propia pieza al torno.<\/strong> Aprende t\u00e9cnicas b\u00e1sicas de torno perfecciona la t\u00e9cnica mientras das forma a una piezas \u00fanicas en solo 8 horas. No necesitas experiencia previa, solo ganas de experimentar con las manos y dejar volar tu creatividad. El precio es de 140\u20ac e\u00a0 incluye\u00a0 tot el material y la 1\u00aa horneada de las piezas realitzadas. D\u00edas\u00a0 18-19 de abril de 2026 de 10-14h. Curso impartido por <a href=\"https:\/\/www.instagram.com\/otzen_ceramics\/\">Guillem Comino<\/a><\/p>\n<p>&nbsp;<\/p>\n<p>&nbsp;<\/p>\n","protected":false},"excerpt":{"rendered":"<p>\u00bfTe imaginas desayunar cada d\u00eda con un bol hecho por ti?, \u00bfo regalar una experiencia a alguna persona estimada? Curso intensivo de cer\u00e1mica: crea tu propia pieza al torno. Aprende t\u00e9cnicas b\u00e1sicas de torno perfecciona la t\u00e9cnica mientras das forma a una piezas \u00fanicas en solo 8 horas. No necesitas experiencia previa, solo ganas de [&hellip;]<\/p>\n","protected":false},"featured_media":15435,"template":"","meta":{"_acf_changed":false},"product_brand":[],"product_cat":[303],"product_tag":[],"class_list":{"0":"post-16762","1":"product","2":"type-product","3":"status-publish","4":"has-post-thumbnail","6":"product_cat-cursos-y-servicios","8":"first","9":"instock","10":"virtual","11":"taxable","12":"purchasable","13":"product-type-simple"},"acf":[],"yoast_head":"<!-- This site is optimized with the Yoast SEO plugin v26.8 - https:\/\/yoast.com\/product\/yoast-seo-wordpress\/ -->\n<title>Curso Intensivo Torno - LauraCeramik<\/title>\n<meta name=\"robots\" content=\"index, follow, max-snippet:-1, max-image-preview:large, max-video-preview:-1\" \/>\n<link rel=\"canonical\" href=\"https:\/\/lauraceramik.com\/es\/producto\/curso-intensivo-torno\/\" \/>\n<meta property=\"og:locale\" content=\"es_ES\" \/>\n<meta property=\"og:type\" content=\"article\" \/>\n<meta property=\"og:title\" content=\"Curso Intensivo Torno - LauraCeramik\" \/>\n<meta property=\"og:description\" content=\"\u00bfTe imaginas desayunar cada d\u00eda con un bol hecho por ti?, \u00bfo regalar una experiencia a alguna persona estimada? Curso intensivo de cer\u00e1mica: crea tu propia pieza al torno. Aprende t\u00e9cnicas b\u00e1sicas de torno perfecciona la t\u00e9cnica mientras das forma a una piezas \u00fanicas en solo 8 horas. No necesitas experiencia previa, solo ganas de [&hellip;]\" \/>\n<meta property=\"og:url\" content=\"https:\/\/lauraceramik.com\/es\/producto\/curso-intensivo-torno\/\" \/>\n<meta property=\"og:site_name\" content=\"LauraCeramik\" \/>\n<meta property=\"article:modified_time\" content=\"2026-04-14T19:58:25+00:00\" \/>\n<meta property=\"og:image\" content=\"https:\/\/lauraceramik.com\/wp-content\/uploads\/2024\/03\/DSC_5615.jpg\" \/>\n\t<meta property=\"og:image:width\" content=\"1500\" \/>\n\t<meta property=\"og:image:height\" content=\"1001\" \/>\n\t<meta property=\"og:image:type\" content=\"image\/jpeg\" \/>\n<meta name=\"twitter:card\" content=\"summary_large_image\" \/>\n<meta name=\"twitter:label1\" content=\"Tiempo de lectura\" \/>\n\t<meta name=\"twitter:data1\" content=\"1 minuto\" \/>\n<script type=\"application\/ld+json\" class=\"yoast-schema-graph\">{\"@context\":\"https:\/\/schema.org\",\"@graph\":[{\"@type\":\"WebPage\",\"@id\":\"https:\/\/lauraceramik.com\/es\/producto\/curso-intensivo-torno\/\",\"url\":\"https:\/\/lauraceramik.com\/es\/producto\/curso-intensivo-torno\/\",\"name\":\"Curso Intensivo Torno - LauraCeramik\",\"isPartOf\":{\"@id\":\"https:\/\/lauraceramik.com\/es\/#website\"},\"primaryImageOfPage\":{\"@id\":\"https:\/\/lauraceramik.com\/es\/producto\/curso-intensivo-torno\/#primaryimage\"},\"image\":{\"@id\":\"https:\/\/lauraceramik.com\/es\/producto\/curso-intensivo-torno\/#primaryimage\"},\"thumbnailUrl\":\"https:\/\/lauraceramik.com\/wp-content\/uploads\/2024\/03\/DSC_5615.jpg\",\"datePublished\":\"2025-10-06T21:48:20+00:00\",\"dateModified\":\"2026-04-14T19:58:25+00:00\",\"breadcrumb\":{\"@id\":\"https:\/\/lauraceramik.com\/es\/producto\/curso-intensivo-torno\/#breadcrumb\"},\"inLanguage\":\"es\",\"potentialAction\":[{\"@type\":\"ReadAction\",\"target\":[\"https:\/\/lauraceramik.com\/es\/producto\/curso-intensivo-torno\/\"]}]},{\"@type\":\"ImageObject\",\"inLanguage\":\"es\",\"@id\":\"https:\/\/lauraceramik.com\/es\/producto\/curso-intensivo-torno\/#primaryimage\",\"url\":\"https:\/\/lauraceramik.com\/wp-content\/uploads\/2024\/03\/DSC_5615.jpg\",\"contentUrl\":\"https:\/\/lauraceramik.com\/wp-content\/uploads\/2024\/03\/DSC_5615.jpg\",\"width\":1500,\"height\":1001},{\"@type\":\"BreadcrumbList\",\"@id\":\"https:\/\/lauraceramik.com\/es\/producto\/curso-intensivo-torno\/#breadcrumb\",\"itemListElement\":[{\"@type\":\"ListItem\",\"position\":1,\"name\":\"Portada\",\"item\":\"https:\/\/lauraceramik.com\/es\/\"},{\"@type\":\"ListItem\",\"position\":2,\"name\":\"Curso Intensivo Torno\"}]},{\"@type\":\"WebSite\",\"@id\":\"https:\/\/lauraceramik.com\/es\/#website\",\"url\":\"https:\/\/lauraceramik.com\/es\/\",\"name\":\"LauraCeramik\",\"description\":\"P\u00e0gina web de ceramica art\u00edstica i escultoria de Laura Niub\u00f3. Barcelona\",\"potentialAction\":[{\"@type\":\"SearchAction\",\"target\":{\"@type\":\"EntryPoint\",\"urlTemplate\":\"https:\/\/lauraceramik.com\/es\/?s={search_term_string}\"},\"query-input\":{\"@type\":\"PropertyValueSpecification\",\"valueRequired\":true,\"valueName\":\"search_term_string\"}}],\"inLanguage\":\"es\"}]}<\/script>\n<!-- \/ Yoast SEO plugin. -->","yoast_head_json":{"title":"Curso Intensivo Torno - LauraCeramik","robots":{"index":"index","follow":"follow","max-snippet":"max-snippet:-1","max-image-preview":"max-image-preview:large","max-video-preview":"max-video-preview:-1"},"canonical":"https:\/\/lauraceramik.com\/es\/producto\/curso-intensivo-torno\/","og_locale":"es_ES","og_type":"article","og_title":"Curso Intensivo Torno - LauraCeramik","og_description":"\u00bfTe imaginas desayunar cada d\u00eda con un bol hecho por ti?, \u00bfo regalar una experiencia a alguna persona estimada? Curso intensivo de cer\u00e1mica: crea tu propia pieza al torno. Aprende t\u00e9cnicas b\u00e1sicas de torno perfecciona la t\u00e9cnica mientras das forma a una piezas \u00fanicas en solo 8 horas. No necesitas experiencia previa, solo ganas de [&hellip;]","og_url":"https:\/\/lauraceramik.com\/es\/producto\/curso-intensivo-torno\/","og_site_name":"LauraCeramik","article_modified_time":"2026-04-14T19:58:25+00:00","og_image":[{"width":1500,"height":1001,"url":"https:\/\/lauraceramik.com\/wp-content\/uploads\/2024\/03\/DSC_5615.jpg","type":"image\/jpeg"}],"twitter_card":"summary_large_image","twitter_misc":{"Tiempo de lectura":"1 minuto"},"schema":{"@context":"https:\/\/schema.org","@graph":[{"@type":"WebPage","@id":"https:\/\/lauraceramik.com\/es\/producto\/curso-intensivo-torno\/","url":"https:\/\/lauraceramik.com\/es\/producto\/curso-intensivo-torno\/","name":"Curso Intensivo Torno - LauraCeramik","isPartOf":{"@id":"https:\/\/lauraceramik.com\/es\/#website"},"primaryImageOfPage":{"@id":"https:\/\/lauraceramik.com\/es\/producto\/curso-intensivo-torno\/#primaryimage"},"image":{"@id":"https:\/\/lauraceramik.com\/es\/producto\/curso-intensivo-torno\/#primaryimage"},"thumbnailUrl":"https:\/\/lauraceramik.com\/wp-content\/uploads\/2024\/03\/DSC_5615.jpg","datePublished":"2025-10-06T21:48:20+00:00","dateModified":"2026-04-14T19:58:25+00:00","breadcrumb":{"@id":"https:\/\/lauraceramik.com\/es\/producto\/curso-intensivo-torno\/#breadcrumb"},"inLanguage":"es","potentialAction":[{"@type":"ReadAction","target":["https:\/\/lauraceramik.com\/es\/producto\/curso-intensivo-torno\/"]}]},{"@type":"ImageObject","inLanguage":"es","@id":"https:\/\/lauraceramik.com\/es\/producto\/curso-intensivo-torno\/#primaryimage","url":"https:\/\/lauraceramik.com\/wp-content\/uploads\/2024\/03\/DSC_5615.jpg","contentUrl":"https:\/\/lauraceramik.com\/wp-content\/uploads\/2024\/03\/DSC_5615.jpg","width":1500,"height":1001},{"@type":"BreadcrumbList","@id":"https:\/\/lauraceramik.com\/es\/producto\/curso-intensivo-torno\/#breadcrumb","itemListElement":[{"@type":"ListItem","position":1,"name":"Portada","item":"https:\/\/lauraceramik.com\/es\/"},{"@type":"ListItem","position":2,"name":"Curso Intensivo Torno"}]},{"@type":"WebSite","@id":"https:\/\/lauraceramik.com\/es\/#website","url":"https:\/\/lauraceramik.com\/es\/","name":"LauraCeramik","description":"P\u00e0gina web de ceramica art\u00edstica i escultoria de Laura Niub\u00f3. Barcelona","potentialAction":[{"@type":"SearchAction","target":{"@type":"EntryPoint","urlTemplate":"https:\/\/lauraceramik.com\/es\/?s={search_term_string}"},"query-input":{"@type":"PropertyValueSpecification","valueRequired":true,"valueName":"search_term_string"}}],"inLanguage":"es"}]}},"_links":{"self":[{"href":"https:\/\/lauraceramik.com\/es\/wp-json\/wp\/v2\/product\/16762","targetHints":{"allow":["GET"]}}],"collection":[{"href":"https:\/\/lauraceramik.com\/es\/wp-json\/wp\/v2\/product"}],"about":[{"href":"https:\/\/lauraceramik.com\/es\/wp-json\/wp\/v2\/types\/product"}],"wp:featuredmedia":[{"embeddable":true,"href":"https:\/\/lauraceramik.com\/es\/wp-json\/wp\/v2\/media\/15435"}],"wp:attachment":[{"href":"https:\/\/lauraceramik.com\/es\/wp-json\/wp\/v2\/media?parent=16762"}],"wp:term":[{"taxonomy":"product_brand","embeddable":true,"href":"https:\/\/lauraceramik.com\/es\/wp-json\/wp\/v2\/product_brand?post=16762"},{"taxonomy":"product_cat","embeddable":true,"href":"https:\/\/lauraceramik.com\/es\/wp-json\/wp\/v2\/product_cat?post=16762"},{"taxonomy":"product_tag","embeddable":true,"href":"https:\/\/lauraceramik.com\/es\/wp-json\/wp\/v2\/product_tag?post=16762"}],"curies":[{"name":"wp","href":"https:\/\/api.w.org\/{rel}","templated":true}]}}